{"id":507,"date":"2022-04-25T16:59:24","date_gmt":"2022-04-25T16:59:24","guid":{"rendered":"https:\/\/wp.odu.edu\/spring2017-fr102-template\/?page_id=507"},"modified":"2022-04-29T00:02:59","modified_gmt":"2022-04-29T00:02:59","slug":"redaction","status":"publish","type":"page","link":"https:\/\/sites.wp.odu.edu\/t-wray\/redaction\/","title":{"rendered":"R\u00e9daction"},"content":{"rendered":"<p><span style=\"font-weight: 400\">L5: Une ville extraordinaire<\/span><\/p>\n<p><span style=\"font-weight: 400\">\u00c0 l\u2019\u00e9t\u00e9 2019, j\u2019ai visit\u00e9 Orlando, en Floride, avec ma famille. Je suis all\u00e9 \u00e0 un concours de cheerleading. Nous avons pu visiter Disney World pendant notre s\u00e9jour. Il faisait tr\u00e8s chaud et humide en Floride. Ce voyage \u00e9tait tellement amusant. Explorer Disney World et gagner mon concours ont \u00e9t\u00e9 les points forts. Nous avons s\u00e9journ\u00e9 dans une maison de location de vacances. Si vous aimez le temps chaud et les vacances \u00e0 Disney, je recommanderais Orlando, en Floride.<\/span><\/p>\n<p>\u00a0<\/p>\n<p>\u00a0<\/p>\n\n\n<figure class=\"wp-block-image size-large is-resized\"><img loading=\"lazy\" decoding=\"async\" src=\"https:\/\/sites.wp.odu.edu\/t-wray\/wp-content\/uploads\/sites\/29376\/2022\/04\/unnamed-600x1024.jpg\" alt=\"\" class=\"wp-image-650\" width=\"401\" height=\"685\" srcset=\"https:\/\/sites.wp.odu.edu\/t-wray\/wp-content\/uploads\/sites\/29376\/2022\/04\/unnamed-600x1023.jpg 600w, https:\/\/sites.wp.odu.edu\/t-wray\/wp-content\/uploads\/sites\/29376\/2022\/04\/unnamed-176x300.jpg 176w, https:\/\/sites.wp.odu.edu\/t-wray\/wp-content\/uploads\/sites\/29376\/2022\/04\/unnamed-768x1310.jpg 768w, https:\/\/sites.wp.odu.edu\/t-wray\/wp-content\/uploads\/sites\/29376\/2022\/04\/unnamed.jpg 828w\" sizes=\"(max-width: 401px) 100vw, 401px\" \/><\/figure>\n","protected":false},"excerpt":{"rendered":"<p>L5: Une ville extraordinaire \u00c0 l\u2019\u00e9t\u00e9 2019, j\u2019ai visit\u00e9 Orlando, en Floride, avec ma famille. Je suis all\u00e9 \u00e0 un concours de cheerleading. Nous avons pu visiter Disney World pendant notre s\u00e9jour. Il faisait tr\u00e8s chaud et humide en Floride&#8230;. <a class=\"more-link\" href=\"https:\/\/sites.wp.odu.edu\/t-wray\/redaction\/\">Continue Reading &rarr;<\/a><\/p>\n","protected":false},"author":23945,"featured_media":0,"parent":0,"menu_order":0,"comment_status":"closed","ping_status":"closed","template":"","meta":{"footnotes":""},"_links":{"self":[{"href":"https:\/\/sites.wp.odu.edu\/t-wray\/wp-json\/wp\/v2\/pages\/507"}],"collection":[{"href":"https:\/\/sites.wp.odu.edu\/t-wray\/wp-json\/wp\/v2\/pages"}],"about":[{"href":"https:\/\/sites.wp.odu.edu\/t-wray\/wp-json\/wp\/v2\/types\/page"}],"author":[{"embeddable":true,"href":"https:\/\/sites.wp.odu.edu\/t-wray\/wp-json\/wp\/v2\/users\/23945"}],"replies":[{"embeddable":true,"href":"https:\/\/sites.wp.odu.edu\/t-wray\/wp-json\/wp\/v2\/comments?post=507"}],"version-history":[{"count":4,"href":"https:\/\/sites.wp.odu.edu\/t-wray\/wp-json\/wp\/v2\/pages\/507\/revisions"}],"predecessor-version":[{"id":651,"href":"https:\/\/sites.wp.odu.edu\/t-wray\/wp-json\/wp\/v2\/pages\/507\/revisions\/651"}],"wp:attachment":[{"href":"https:\/\/sites.wp.odu.edu\/t-wray\/wp-json\/wp\/v2\/media?parent=507"}],"curies":[{"name":"wp","href":"https:\/\/api.w.org\/{rel}","templated":true}]}}